{"id":28852,"date":"2023-03-06T15:11:41","date_gmt":"2023-03-06T15:11:41","guid":{"rendered":"https:\/\/blog.medel.pro\/?page_id=28852"},"modified":"2023-03-29T20:34:38","modified_gmt":"2023-03-29T20:34:38","slug":"aviso-legal","status":"publish","type":"page","link":"https:\/\/blog.medel.pro\/latam\/aviso-legal\/","title":{"rendered":"Aviso legal"},"content":{"rendered":"<header id=\"mk-header-1\" class=\"mk-header header-style-2 header-align-left toolbar-true menu-hover-2 sticky-style-fixed mk-background-stretch boxed-header\" role=\"banner\" data-height=\"100\" data-sticky-height=\"44\" data-responsive-height=\"53\" data-transparent-skin=\"\" data-header-style=\"2\" data-sticky-style=\"fixed\" data-sticky-offset=\"header\">\n<section id=\"mk-page-introduce\" class=\"intro-left\">\n<div class=\"mk-grid\">\n<h1>Aviso legal<\/h1>\n<h3 class=\"page-title\"><strong>Responsable del contenido:<\/strong><\/h3>\n<p>MED\u2212EL Elektromedizinische Ger\u00e4te Gesellschaft m.b.H.<br \/>\nF\u00fcrstenweg 77a<br \/>\n6020 Innsbruck<br \/>\nAustria<br \/>\nTel.: +43 5 77 88<br \/>\n<a href=\"mailto:office@medel.com\">office@medel.com<\/a><\/p>\n<p>N\u00famero de registro: FN 48608h<br \/>\nN\u00daMERO UST.-ID: ATU 31722507<\/p>\n<p><strong>CEO:<\/strong><br \/>\nUniv.Doz. Dr. Ingeborg Hochmair<\/p>\n<\/div>\n<\/section>\n<\/header>\n","protected":false},"excerpt":{"rendered":"<p>Aviso legal Responsable del contenido: MED\u2212EL Elektromedizinische Ger\u00e4te Gesellschaft m.b.H. F\u00fcrstenweg 77a 6020 Innsbruck Austria Tel.: +43 5 77 88 office@medel.com N\u00famero de registro: FN 48608h N\u00daMERO UST.-ID: ATU 31722507 CEO: Univ.Doz. Dr. Ingeborg Hochmair<\/p>\n","protected":false},"author":1,"featured_media":0,"parent":0,"menu_order":0,"comment_status":"closed","ping_status":"closed","template":"templates\/page-template.php","meta":{"footnotes":""},"class_list":["post-28852","page","type-page","status-publish","hentry"],"acf":[],"yoast_head":"<!-- This site is optimized with the Yoast SEO plugin v27.1.1 - https:\/\/yoast.com\/product\/yoast-seo-wordpress\/ -->\n<title>Aviso legal - MED-EL Professionals Blog<\/title>\n<meta name=\"robots\" content=\"index, follow, max-snippet:-1, max-image-preview:large, max-video-preview:-1\" \/>\n<link rel=\"canonical\" href=\"http:\/\/blog.medel.pro\/legal-notice\/\" \/>\n<meta property=\"og:locale\" content=\"es_ES\" \/>\n<meta property=\"og:type\" content=\"article\" \/>\n<meta property=\"og:title\" content=\"Aviso legal - MED-EL Professionals Blog\" \/>\n<meta property=\"og:description\" content=\"Aviso legal Responsable del contenido: MED\u2212EL Elektromedizinische Ger\u00e4te Gesellschaft m.b.H. F\u00fcrstenweg 77a 6020 Innsbruck Austria Tel.: +43 5 77 88 office@medel.com N\u00famero de registro: FN 48608h N\u00daMERO UST.-ID: ATU 31722507 CEO: Univ.Doz. Dr. Ingeborg Hochmair\" \/>\n<meta property=\"og:url\" content=\"http:\/\/blog.medel.pro\/legal-notice\/\" \/>\n<meta property=\"og:site_name\" content=\"MED-EL Professionals Blog\" \/>\n<meta property=\"article:modified_time\" content=\"2023-03-29T20:34:38+00:00\" \/>\n<meta property=\"og:image\" content=\"https:\/\/blog.medel.pro\/wp-content\/uploads\/2023\/05\/MED-EL_RGB_Red_Symbol.jpg\" \/>\n\t<meta property=\"og:image:width\" content=\"200\" \/>\n\t<meta property=\"og:image:height\" content=\"200\" \/>\n\t<meta property=\"og:image:type\" content=\"image\/jpeg\" \/>\n<meta name=\"twitter:card\" content=\"summary_large_image\" \/>\n<meta name=\"twitter:site\" content=\"@medel\" \/>\n<meta name=\"twitter:label1\" content=\"Est. reading time\" \/>\n\t<meta name=\"twitter:data1\" content=\"1 minute\" \/>\n<script type=\"application\/ld+json\" class=\"yoast-schema-graph\">{\"@context\":\"https:\/\/schema.org\",\"@graph\":[{\"@type\":\"WebPage\",\"@id\":\"http:\/\/blog.medel.pro\/legal-notice\/\",\"url\":\"http:\/\/blog.medel.pro\/legal-notice\/\",\"name\":\"Aviso legal - MED-EL Professionals Blog\",\"isPartOf\":{\"@id\":\"https:\/\/blog.medel.pro\/de\/#website\"},\"datePublished\":\"2023-03-06T15:11:41+00:00\",\"dateModified\":\"2023-03-29T20:34:38+00:00\",\"breadcrumb\":{\"@id\":\"http:\/\/blog.medel.pro\/legal-notice\/#breadcrumb\"},\"inLanguage\":\"es\",\"potentialAction\":[{\"@type\":\"ReadAction\",\"target\":[\"http:\/\/blog.medel.pro\/legal-notice\/\"]}]},{\"@type\":\"BreadcrumbList\",\"@id\":\"http:\/\/blog.medel.pro\/legal-notice\/#breadcrumb\",\"itemListElement\":[{\"@type\":\"ListItem\",\"position\":1,\"name\":\"Home\",\"item\":\"https:\/\/blog.medel.pro\/latam\/\"},{\"@type\":\"ListItem\",\"position\":2,\"name\":\"Aviso legal\"}]},{\"@type\":\"WebSite\",\"@id\":\"https:\/\/blog.medel.pro\/de\/#website\",\"url\":\"https:\/\/blog.medel.pro\/de\/\",\"name\":\"MED-EL Professionals Blog\",\"description\":\"\",\"publisher\":{\"@id\":\"https:\/\/blog.medel.pro\/de\/#organization\"},\"potentialAction\":[{\"@type\":\"SearchAction\",\"target\":{\"@type\":\"EntryPoint\",\"urlTemplate\":\"https:\/\/blog.medel.pro\/de\/?s={search_term_string}\"},\"query-input\":{\"@type\":\"PropertyValueSpecification\",\"valueRequired\":true,\"valueName\":\"search_term_string\"}}],\"inLanguage\":\"es\"},{\"@type\":\"Organization\",\"@id\":\"https:\/\/blog.medel.pro\/de\/#organization\",\"name\":\"MED-EL Professionals Blog\",\"url\":\"https:\/\/blog.medel.pro\/de\/\",\"logo\":{\"@type\":\"ImageObject\",\"inLanguage\":\"es\",\"@id\":\"https:\/\/blog.medel.pro\/de\/#\/schema\/logo\/image\/\",\"url\":\"https:\/\/blog.medel.pro\/wp-content\/uploads\/2023\/05\/MED-EL_RGB_Red_Symbol.jpg\",\"contentUrl\":\"https:\/\/blog.medel.pro\/wp-content\/uploads\/2023\/05\/MED-EL_RGB_Red_Symbol.jpg\",\"width\":200,\"height\":200,\"caption\":\"MED-EL Professionals Blog\"},\"image\":{\"@id\":\"https:\/\/blog.medel.pro\/de\/#\/schema\/logo\/image\/\"},\"sameAs\":[\"https:\/\/x.com\/medel\"]}]}<\/script>\n<!-- \/ Yoast SEO plugin. -->","yoast_head_json":{"title":"Aviso legal - MED-EL Professionals Blog","robots":{"index":"index","follow":"follow","max-snippet":"max-snippet:-1","max-image-preview":"max-image-preview:large","max-video-preview":"max-video-preview:-1"},"canonical":"http:\/\/blog.medel.pro\/legal-notice\/","og_locale":"es_ES","og_type":"article","og_title":"Aviso legal - MED-EL Professionals Blog","og_description":"Aviso legal Responsable del contenido: MED\u2212EL Elektromedizinische Ger\u00e4te Gesellschaft m.b.H. F\u00fcrstenweg 77a 6020 Innsbruck Austria Tel.: +43 5 77 88 office@medel.com N\u00famero de registro: FN 48608h N\u00daMERO UST.-ID: ATU 31722507 CEO: Univ.Doz. Dr. Ingeborg Hochmair","og_url":"http:\/\/blog.medel.pro\/legal-notice\/","og_site_name":"MED-EL Professionals Blog","article_modified_time":"2023-03-29T20:34:38+00:00","og_image":[{"width":200,"height":200,"url":"https:\/\/blog.medel.pro\/wp-content\/uploads\/2023\/05\/MED-EL_RGB_Red_Symbol.jpg","type":"image\/jpeg"}],"twitter_card":"summary_large_image","twitter_site":"@medel","twitter_misc":{"Est. reading time":"1 minute"},"schema":{"@context":"https:\/\/schema.org","@graph":[{"@type":"WebPage","@id":"http:\/\/blog.medel.pro\/legal-notice\/","url":"http:\/\/blog.medel.pro\/legal-notice\/","name":"Aviso legal - MED-EL Professionals Blog","isPartOf":{"@id":"https:\/\/blog.medel.pro\/de\/#website"},"datePublished":"2023-03-06T15:11:41+00:00","dateModified":"2023-03-29T20:34:38+00:00","breadcrumb":{"@id":"http:\/\/blog.medel.pro\/legal-notice\/#breadcrumb"},"inLanguage":"es","potentialAction":[{"@type":"ReadAction","target":["http:\/\/blog.medel.pro\/legal-notice\/"]}]},{"@type":"BreadcrumbList","@id":"http:\/\/blog.medel.pro\/legal-notice\/#breadcrumb","itemListElement":[{"@type":"ListItem","position":1,"name":"Home","item":"https:\/\/blog.medel.pro\/latam\/"},{"@type":"ListItem","position":2,"name":"Aviso legal"}]},{"@type":"WebSite","@id":"https:\/\/blog.medel.pro\/de\/#website","url":"https:\/\/blog.medel.pro\/de\/","name":"MED-EL Professionals Blog","description":"","publisher":{"@id":"https:\/\/blog.medel.pro\/de\/#organization"},"potentialAction":[{"@type":"SearchAction","target":{"@type":"EntryPoint","urlTemplate":"https:\/\/blog.medel.pro\/de\/?s={search_term_string}"},"query-input":{"@type":"PropertyValueSpecification","valueRequired":true,"valueName":"search_term_string"}}],"inLanguage":"es"},{"@type":"Organization","@id":"https:\/\/blog.medel.pro\/de\/#organization","name":"MED-EL Professionals Blog","url":"https:\/\/blog.medel.pro\/de\/","logo":{"@type":"ImageObject","inLanguage":"es","@id":"https:\/\/blog.medel.pro\/de\/#\/schema\/logo\/image\/","url":"https:\/\/blog.medel.pro\/wp-content\/uploads\/2023\/05\/MED-EL_RGB_Red_Symbol.jpg","contentUrl":"https:\/\/blog.medel.pro\/wp-content\/uploads\/2023\/05\/MED-EL_RGB_Red_Symbol.jpg","width":200,"height":200,"caption":"MED-EL Professionals Blog"},"image":{"@id":"https:\/\/blog.medel.pro\/de\/#\/schema\/logo\/image\/"},"sameAs":["https:\/\/x.com\/medel"]}]}},"_links":{"self":[{"href":"https:\/\/blog.medel.pro\/latam\/wp-json\/wp\/v2\/pages\/28852","targetHints":{"allow":["GET"]}}],"collection":[{"href":"https:\/\/blog.medel.pro\/latam\/wp-json\/wp\/v2\/pages"}],"about":[{"href":"https:\/\/blog.medel.pro\/latam\/wp-json\/wp\/v2\/types\/page"}],"author":[{"embeddable":true,"href":"https:\/\/blog.medel.pro\/latam\/wp-json\/wp\/v2\/users\/1"}],"replies":[{"embeddable":true,"href":"https:\/\/blog.medel.pro\/latam\/wp-json\/wp\/v2\/comments?post=28852"}],"version-history":[{"count":2,"href":"https:\/\/blog.medel.pro\/latam\/wp-json\/wp\/v2\/pages\/28852\/revisions"}],"predecessor-version":[{"id":29230,"href":"https:\/\/blog.medel.pro\/latam\/wp-json\/wp\/v2\/pages\/28852\/revisions\/29230"}],"wp:attachment":[{"href":"https:\/\/blog.medel.pro\/latam\/wp-json\/wp\/v2\/media?parent=28852"}],"curies":[{"name":"wp","href":"https:\/\/api.w.org\/{rel}","templated":true}]}}