{"id":28855,"date":"2023-03-06T15:12:10","date_gmt":"2023-03-06T15:12:10","guid":{"rendered":"https:\/\/blog.medel.pro\/?page_id=28855"},"modified":"2023-03-29T17:50:53","modified_gmt":"2023-03-29T17:50:53","slug":"impressum","status":"publish","type":"page","link":"https:\/\/blog.medel.pro\/de\/impressum\/","title":{"rendered":"Impressum"},"content":{"rendered":"<h2>Impressum<\/h2>\n<p><strong>F\u00fcr den Inhalt verantwortlich:<\/strong><\/p>\n<p>MED-EL Elektromedizinische Ger\u00e4te Gesellschaft m.b.H.<br \/>\nF\u00fcrstenweg 77a<br \/>\n6020 Innsbruck<br \/>\nAustria<br \/>\nTel.: +43 5 77 88<br \/>\n<a href=\"mailto:office@medel.com\">office@medel.com<\/a><\/p>\n<p>Register-Nr. FN 48608h<br \/>\nUST.-ID-NUMMER: ATU 31722507<\/p>\n<p><strong>CEO:<\/strong><br \/>\nUniv.Doz. Dr. Ingeborg Hochmair<\/p>\n","protected":false},"excerpt":{"rendered":"<p>Impressum F\u00fcr den Inhalt verantwortlich: MED-EL Elektromedizinische Ger\u00e4te Gesellschaft m.b.H. F\u00fcrstenweg 77a 6020 Innsbruck Austria Tel.: +43 5 77 88 office@medel.com Register-Nr. FN 48608h UST.-ID-NUMMER: ATU 31722507 CEO: Univ.Doz. Dr. Ingeborg Hochmair<\/p>\n","protected":false},"author":1,"featured_media":0,"parent":0,"menu_order":0,"comment_status":"closed","ping_status":"closed","template":"templates\/page-template.php","meta":{"footnotes":""},"class_list":["post-28855","page","type-page","status-publish","hentry"],"acf":[],"yoast_head":"<!-- This site is optimized with the Yoast SEO plugin v27.2 - https:\/\/yoast.com\/product\/yoast-seo-wordpress\/ -->\n<title>Impressum - MED-EL Professionals Blog<\/title>\n<meta name=\"robots\" content=\"index, follow, max-snippet:-1, max-image-preview:large, max-video-preview:-1\" \/>\n<link rel=\"canonical\" href=\"https:\/\/blog.medel.pro\/legal-notice\/\" \/>\n<meta property=\"og:locale\" content=\"de_DE\" \/>\n<meta property=\"og:type\" content=\"article\" \/>\n<meta property=\"og:title\" content=\"Impressum - MED-EL Professionals Blog\" \/>\n<meta property=\"og:description\" content=\"Impressum F\u00fcr den Inhalt verantwortlich: MED-EL Elektromedizinische Ger\u00e4te Gesellschaft m.b.H. F\u00fcrstenweg 77a 6020 Innsbruck Austria Tel.: +43 5 77 88 office@medel.com Register-Nr. FN 48608h UST.-ID-NUMMER: ATU 31722507 CEO: Univ.Doz. Dr. Ingeborg Hochmair\" \/>\n<meta property=\"og:url\" content=\"https:\/\/blog.medel.pro\/legal-notice\/\" \/>\n<meta property=\"og:site_name\" content=\"MED-EL Professionals Blog\" \/>\n<meta property=\"article:modified_time\" content=\"2023-03-29T17:50:53+00:00\" \/>\n<meta property=\"og:image\" content=\"https:\/\/blog.medel.pro\/wp-content\/uploads\/2023\/05\/MED-EL_RGB_Red_Symbol.jpg\" \/>\n\t<meta property=\"og:image:width\" content=\"200\" \/>\n\t<meta property=\"og:image:height\" content=\"200\" \/>\n\t<meta property=\"og:image:type\" content=\"image\/jpeg\" \/>\n<meta name=\"twitter:card\" content=\"summary_large_image\" \/>\n<meta name=\"twitter:site\" content=\"@medel\" \/>\n<meta name=\"twitter:label1\" content=\"Gesch\u00e4tzte Lesezeit\" \/>\n\t<meta name=\"twitter:data1\" content=\"1 Minute\" \/>\n<script type=\"application\/ld+json\" class=\"yoast-schema-graph\">{\"@context\":\"https:\/\/schema.org\",\"@graph\":[{\"@type\":\"WebPage\",\"@id\":\"https:\/\/blog.medel.pro\/legal-notice\/\",\"url\":\"https:\/\/blog.medel.pro\/legal-notice\/\",\"name\":\"Impressum - MED-EL Professionals Blog\",\"isPartOf\":{\"@id\":\"https:\/\/blog.medel.pro\/#website\"},\"datePublished\":\"2023-03-06T15:12:10+00:00\",\"dateModified\":\"2023-03-29T17:50:53+00:00\",\"breadcrumb\":{\"@id\":\"https:\/\/blog.medel.pro\/legal-notice\/#breadcrumb\"},\"inLanguage\":\"de-DE\",\"potentialAction\":[{\"@type\":\"ReadAction\",\"target\":[\"https:\/\/blog.medel.pro\/legal-notice\/\"]}]},{\"@type\":\"BreadcrumbList\",\"@id\":\"https:\/\/blog.medel.pro\/legal-notice\/#breadcrumb\",\"itemListElement\":[{\"@type\":\"ListItem\",\"position\":1,\"name\":\"Home\",\"item\":\"https:\/\/blog.medel.pro\/de\/\"},{\"@type\":\"ListItem\",\"position\":2,\"name\":\"Impressum\"}]},{\"@type\":\"WebSite\",\"@id\":\"https:\/\/blog.medel.pro\/#website\",\"url\":\"https:\/\/blog.medel.pro\/\",\"name\":\"MED-EL Professionals Blog\",\"description\":\"\",\"publisher\":{\"@id\":\"https:\/\/blog.medel.pro\/#organization\"},\"potentialAction\":[{\"@type\":\"SearchAction\",\"target\":{\"@type\":\"EntryPoint\",\"urlTemplate\":\"https:\/\/blog.medel.pro\/?s={search_term_string}\"},\"query-input\":{\"@type\":\"PropertyValueSpecification\",\"valueRequired\":true,\"valueName\":\"search_term_string\"}}],\"inLanguage\":\"de-DE\"},{\"@type\":\"Organization\",\"@id\":\"https:\/\/blog.medel.pro\/#organization\",\"name\":\"MED-EL Professionals Blog\",\"url\":\"https:\/\/blog.medel.pro\/\",\"logo\":{\"@type\":\"ImageObject\",\"inLanguage\":\"de-DE\",\"@id\":\"https:\/\/blog.medel.pro\/#\/schema\/logo\/image\/\",\"url\":\"https:\/\/blog.medel.pro\/wp-content\/uploads\/2023\/05\/MED-EL_RGB_Red_Symbol.jpg\",\"contentUrl\":\"https:\/\/blog.medel.pro\/wp-content\/uploads\/2023\/05\/MED-EL_RGB_Red_Symbol.jpg\",\"width\":200,\"height\":200,\"caption\":\"MED-EL Professionals Blog\"},\"image\":{\"@id\":\"https:\/\/blog.medel.pro\/#\/schema\/logo\/image\/\"},\"sameAs\":[\"https:\/\/x.com\/medel\"]}]}<\/script>\n<!-- \/ Yoast SEO plugin. -->","yoast_head_json":{"title":"Impressum - MED-EL Professionals Blog","robots":{"index":"index","follow":"follow","max-snippet":"max-snippet:-1","max-image-preview":"max-image-preview:large","max-video-preview":"max-video-preview:-1"},"canonical":"https:\/\/blog.medel.pro\/legal-notice\/","og_locale":"de_DE","og_type":"article","og_title":"Impressum - MED-EL Professionals Blog","og_description":"Impressum F\u00fcr den Inhalt verantwortlich: MED-EL Elektromedizinische Ger\u00e4te Gesellschaft m.b.H. F\u00fcrstenweg 77a 6020 Innsbruck Austria Tel.: +43 5 77 88 office@medel.com Register-Nr. FN 48608h UST.-ID-NUMMER: ATU 31722507 CEO: Univ.Doz. Dr. Ingeborg Hochmair","og_url":"https:\/\/blog.medel.pro\/legal-notice\/","og_site_name":"MED-EL Professionals Blog","article_modified_time":"2023-03-29T17:50:53+00:00","og_image":[{"width":200,"height":200,"url":"https:\/\/blog.medel.pro\/wp-content\/uploads\/2023\/05\/MED-EL_RGB_Red_Symbol.jpg","type":"image\/jpeg"}],"twitter_card":"summary_large_image","twitter_site":"@medel","twitter_misc":{"Gesch\u00e4tzte Lesezeit":"1 Minute"},"schema":{"@context":"https:\/\/schema.org","@graph":[{"@type":"WebPage","@id":"https:\/\/blog.medel.pro\/legal-notice\/","url":"https:\/\/blog.medel.pro\/legal-notice\/","name":"Impressum - MED-EL Professionals Blog","isPartOf":{"@id":"https:\/\/blog.medel.pro\/#website"},"datePublished":"2023-03-06T15:12:10+00:00","dateModified":"2023-03-29T17:50:53+00:00","breadcrumb":{"@id":"https:\/\/blog.medel.pro\/legal-notice\/#breadcrumb"},"inLanguage":"de-DE","potentialAction":[{"@type":"ReadAction","target":["https:\/\/blog.medel.pro\/legal-notice\/"]}]},{"@type":"BreadcrumbList","@id":"https:\/\/blog.medel.pro\/legal-notice\/#breadcrumb","itemListElement":[{"@type":"ListItem","position":1,"name":"Home","item":"https:\/\/blog.medel.pro\/de\/"},{"@type":"ListItem","position":2,"name":"Impressum"}]},{"@type":"WebSite","@id":"https:\/\/blog.medel.pro\/#website","url":"https:\/\/blog.medel.pro\/","name":"MED-EL Professionals Blog","description":"","publisher":{"@id":"https:\/\/blog.medel.pro\/#organization"},"potentialAction":[{"@type":"SearchAction","target":{"@type":"EntryPoint","urlTemplate":"https:\/\/blog.medel.pro\/?s={search_term_string}"},"query-input":{"@type":"PropertyValueSpecification","valueRequired":true,"valueName":"search_term_string"}}],"inLanguage":"de-DE"},{"@type":"Organization","@id":"https:\/\/blog.medel.pro\/#organization","name":"MED-EL Professionals Blog","url":"https:\/\/blog.medel.pro\/","logo":{"@type":"ImageObject","inLanguage":"de-DE","@id":"https:\/\/blog.medel.pro\/#\/schema\/logo\/image\/","url":"https:\/\/blog.medel.pro\/wp-content\/uploads\/2023\/05\/MED-EL_RGB_Red_Symbol.jpg","contentUrl":"https:\/\/blog.medel.pro\/wp-content\/uploads\/2023\/05\/MED-EL_RGB_Red_Symbol.jpg","width":200,"height":200,"caption":"MED-EL Professionals Blog"},"image":{"@id":"https:\/\/blog.medel.pro\/#\/schema\/logo\/image\/"},"sameAs":["https:\/\/x.com\/medel"]}]}},"_links":{"self":[{"href":"https:\/\/blog.medel.pro\/de\/wp-json\/wp\/v2\/pages\/28855","targetHints":{"allow":["GET"]}}],"collection":[{"href":"https:\/\/blog.medel.pro\/de\/wp-json\/wp\/v2\/pages"}],"about":[{"href":"https:\/\/blog.medel.pro\/de\/wp-json\/wp\/v2\/types\/page"}],"author":[{"embeddable":true,"href":"https:\/\/blog.medel.pro\/de\/wp-json\/wp\/v2\/users\/1"}],"replies":[{"embeddable":true,"href":"https:\/\/blog.medel.pro\/de\/wp-json\/wp\/v2\/comments?post=28855"}],"version-history":[{"count":2,"href":"https:\/\/blog.medel.pro\/de\/wp-json\/wp\/v2\/pages\/28855\/revisions"}],"predecessor-version":[{"id":29207,"href":"https:\/\/blog.medel.pro\/de\/wp-json\/wp\/v2\/pages\/28855\/revisions\/29207"}],"wp:attachment":[{"href":"https:\/\/blog.medel.pro\/de\/wp-json\/wp\/v2\/media?parent=28855"}],"curies":[{"name":"wp","href":"https:\/\/api.w.org\/{rel}","templated":true}]}}